{"id":18,"date":"2024-01-28T15:23:31","date_gmt":"2024-01-28T15:23:31","guid":{"rendered":"https:\/\/bernhardhengl.com\/?page_id=18"},"modified":"2024-06-25T03:31:19","modified_gmt":"2024-06-25T03:31:19","slug":"privacy-cookies","status":"publish","type":"page","link":"https:\/\/bernhardhengl.com\/de\/privacy-cookies\/","title":{"rendered":"Datenschutzerkl\u00e4rung"},"content":{"rendered":"<div data-elementor-type=\"wp-page\" data-elementor-id=\"18\" class=\"elementor elementor-18\" data-elementor-post-type=\"page\">\n\t\t\t\t<div class=\"elementor-element elementor-element-52abebf e-flex e-con-boxed e-con e-parent\" data-id=\"52abebf\" data-element_type=\"container\">\n\t\t\t\t\t<div class=\"e-con-inner\">\n\t\t\t\t<div class=\"elementor-element elementor-element-feaccc8 elementor-widget elementor-widget-heading\" data-id=\"feaccc8\" data-element_type=\"widget\" data-widget_type=\"heading.default\">\n\t\t\t\t<div class=\"elementor-widget-container\">\n\t\t\t\t\t<h2 class=\"elementor-heading-title elementor-size-default\">Privacy &amp; Cookies<\/h2>\t\t\t\t<\/div>\n\t\t\t\t<\/div>\n\t\t<div class=\"elementor-element elementor-element-706d0b7 e-flex e-con-boxed e-con e-child\" data-id=\"706d0b7\" data-element_type=\"container\">\n\t\t\t\t\t<div class=\"e-con-inner\">\n\t\t\t\t<div class=\"elementor-element elementor-element-91babc9 elementor-widget elementor-widget-text-editor\" data-id=\"91babc9\" data-element_type=\"widget\" data-widget_type=\"text-editor.default\">\n\t\t\t\t<div class=\"elementor-widget-container\">\n\t\t\t\t\t\t\t\t\t<p><b>Datenschutzerkl\u00e4rung<\/b><\/p><p>\u00a0<\/p><p><b>Einf\u00fchrung<\/b><\/p><p><span style=\"font-weight: 400;\">In folgender Datenschutzerkl\u00e4rung informieren wir Sie \u00fcber die wichtigsten Aspekte der Datenverarbeitung im Rahmen unserer Webseite. Wir erheben und verarbeiten personenbezogene Daten nur auf Grundlage der gesetzlichen Bestimmungen (Datenschutzgrundverordnung, Telekommunikationsgesetz 2003).<\/span><\/p><p>\u00a0<\/p><p><b>Datenerfassung beim Besuch der Website<\/b><\/p><p><span style=\"font-weight: 400;\">Sobald Sie als Benutzer auf unsere Webseite zugreifen oder diese besuchen wird Ihre IP-Adresse, Beginn sowie Beginn und Ende der Sitzung erfasst. Dies ist technisch bedingt und stellt somit ein berechtigtes Interesse iSv Art 6 Abs 1 lit f DSGVO.<\/span><\/p><p>\u00a0<\/p><p><b>Kontakt mit uns<\/b><\/p><p><span style=\"font-weight: 400;\">Wenn Sie uns, entweder \u00fcber unser Kontaktformular auf unserer Webseite, oder per Email kontaktieren, dann werden die von Ihnen an uns \u00fcbermittelten Daten zwecks Bearbeitung Ihrer Anfrage oder f\u00fcr den Fall von weiteren Anschlussfragen f\u00fcr sechs Monate bei uns gespeichert. Es erfolgt, ohne Ihre Einwilligung, keine Weitergabe Ihrer \u00fcbermittelten Daten.<\/span><\/p><p>\u00a0<\/p><p><b>Cookies<\/b><\/p><p><span style=\"font-weight: 400;\">Unsere Website verwendet so genannte Cookies. Dabei handelt es sich um kleine Textdateien, die mit Hilfe des Browsers auf Ihrem Endger\u00e4t abgelegt werden. Sie richten keinen Schaden an. Wir nutzen Cookies dazu, unser Angebot nutzerfreundlich zu gestalten. Einige Cookies bleiben auf Ihrem Endger\u00e4t gespeichert, bis Sie diese l\u00f6schen. Sie erm\u00f6glichen es uns, Ihren Browser beim n\u00e4chsten Besuch wiederzuerkennen. Wenn Sie dies nicht w\u00fcnschen, so k\u00f6nnen Sie Ihren Browser so einrichten, dass er Sie \u00fcber das Setzen von Cookies informiert und Sie dies nur im Einzelfall erlauben. Bei der Deaktivierung von Cookies kann die Funktionalit\u00e4t unserer Website eingeschr\u00e4nkt sein.<\/span><\/p><p>\u00a0<\/p><p><b>Google Maps<\/b><span style=\"font-weight: 400;\">\u00a0<\/span><\/p><p><span style=\"font-weight: 400;\">Unsere Website verwendet Funktionen des Webkartendienstes \u201eGoogle Maps\u201c. Der Dienstanbieter dieser Funktion ist:<\/span><\/p><p>\u00a0<\/p><p><span style=\"font-weight: 400;\">Google Ireland Limited Gordon House, Barrow Street Dublin 4. Ireland. Tel: +353 1 543 1000<\/span><\/p><p>\u00a0<\/p><p><span style=\"font-weight: 400;\">Im Zuge der Nutzung von Google Maps ist es notwendig Ihre IP-Adresse zu speichern und zu verarbeiten. Google \u00fcbertr\u00e4gt in der Regel an einen Server in den USA und speichert die Daten dort. Die Verarbeitung geschieht durch den Diensteanbieter (oben genannt), der Betreiber dieser Homepage hat keinen Einfluss auf die \u00dcbertragung der Daten.<\/span><\/p><p>\u00a0<\/p><p><span style=\"font-weight: 400;\">Die Datenverarbeitung erfolgt auf Basis der gesetzlichen Bestimmungen des \u00a7 96 Abs 3 TKG sowie des Art 6 Abs 1 lit f (berechtigtes Interesse) der DSGVO. Die Nutzung von Google Maps erh\u00f6ht die Auffindbarkeit der Orte, welche auf unserer Webseite bereitgestellt werden.<\/span><\/p><p>\u00a0<\/p><p><span style=\"font-weight: 400;\">Weitere Informationen \u00fcber den Umgang mit Nutzerdaten des Diensteanbieters \u201eGoogle\u201c k\u00f6nnen Sie der Datenschutzerkl\u00e4rung entnehmen:<\/span><\/p><p><a href=\"https:\/\/policies.google.com\/privacy?hl=de\" target=\"_blank\" rel=\"noopener\"><span style=\"font-weight: 400;\">https:\/\/policies.google.com\/privacy?hl=de<\/span><\/a><span style=\"font-weight: 400;\">\u00a0<\/span><\/p><p>\u00a0<\/p><p><span style=\"font-weight: 400;\">Google verarbeitet die Daten auch in den USA, hat sich jedoch dem\nEU-US Privacy-Shield unterworfen.<\/span><\/p><p><a href=\"https:\/\/www.privacyshield.gov\/EU-US-Framework\" target=\"_blank\" rel=\"noopener\"><span style=\"font-weight: 400;\">https:\/\/www.privacyshield.gov\/EU-US-Framework<\/span><\/a><span style=\"font-weight: 400;\">\u00a0<\/span><\/p><p>\u00a0<\/p><p><b>Google Fonts<\/b><\/p><p><span style=\"font-weight: 400;\">Unsere Website verwendet Schriftarten von \u201eGoogle Fonts\u201c. Der Dienstanbieter dieser Funktion ist:<\/span><\/p><p><span style=\"font-weight: 400;\">Google Ireland Limited Gordon House, Barrow Street Dublin 4. Ireland\nTel: +353 1 543 1000<\/span><\/p><p>\u00a0<\/p><p><span style=\"font-weight: 400;\">Beim Aufrufen dieser Webseite l\u00e4dt Ihr Browser Schriftarten und speichert diese in den Cache. Da Sie, als Besucher der Webseite, Daten des Dienstanbieters empfangen kann Google unter Umst\u00e4nden Cookies auf Ihrem Rechner setzen oder analysieren.<\/span><\/p><p>\u00a0<\/p><p><span style=\"font-weight: 400;\">Die Nutzung von \u201eGoogle-Fonts\u201c dient der Optimierung unserer Dienstleistung und der einheitlichen Darstellung von Inhalten. Dies stellt ein berechtigtes Interesse im Sinne von Art. 6 Abs. 1 lit. f DSGVO dar.<\/span><\/p><p>\u00a0<\/p><p><span style=\"font-weight: 400;\">Weitere Informationen zu Google Fonts erhalten Sie unter folgendem Link:<\/span><\/p><p><a href=\"https:\/\/developers.google.com\/fonts\/faq\" target=\"_blank\" rel=\"noopener\"><span style=\"font-weight: 400;\">https:\/\/developers.google.com\/fonts\/faq<\/span><\/a><span style=\"font-weight: 400;\">\u00a0<\/span><\/p><p>\u00a0<\/p><p><span style=\"font-weight: 400;\">Weitere Informationen \u00fcber den Umgang mit Nutzerdaten von Google k\u00f6nnen Sie der Datenschutzerkl\u00e4rung entnehmen:<\/span><\/p><p><a href=\"https:\/\/policies.google.com\/privacy?hl=de\" target=\"_blank\" rel=\"noopener\"><span style=\"font-weight: 400;\">https:\/\/policies.google.com\/privacy?hl=de<\/span><\/a><span style=\"font-weight: 400;\">\u00a0<\/span><\/p><p>\u00a0<\/p><p><span style=\"font-weight: 400;\">Google verarbeitet die Daten auch in den USA, hat sich jedoch dem\nEU-US Privacy-Shield unterworfen.<\/span><\/p><p><a href=\"https:\/\/www.privacyshield.gov\/EU-US-Framework\" target=\"_blank\" rel=\"noopener\"><span style=\"font-weight: 400;\">https:\/\/www.privacyshield.gov\/EU-US-Framework<\/span><\/a><span style=\"font-weight: 400;\">\u00a0<\/span><\/p><p>\u00a0<\/p><p><b>Server-Log Files<\/b><\/p><p><span style=\"font-weight: 400;\">Diese Webseite und der damit verbundene Provider erhebt im Zuge der Webseitennutzung automatisch Informationen im Rahmen sogenannter \u201eServer-Log Files\u201c. Dies betrifft insbesondere:<\/span><\/p><p>\u00a0<\/p><p><span style=\"font-weight: 400;\">IP-Adresse oder Hostname<\/span><\/p><p><span style=\"font-weight: 400;\">den verwendeten Browser<\/span><\/p><p><span style=\"font-weight: 400;\">Aufenthaltsdauer auf der Webseite sowie Datum und Uhrzeit<\/span><\/p><p><span style=\"font-weight: 400;\">aufgerufene Seiten der Webseite<\/span><\/p><p><span style=\"font-weight: 400;\">Spracheinstellungen und Betriebssystem<\/span><\/p><p><span style=\"font-weight: 400;\">\u201eLeaving-Page\u201c (auf welcher URL hat der Benutzer die Webseite verlassen)<\/span><\/p><p><span style=\"font-weight: 400;\">ISP (Internet Service Provider)<\/span><\/p><p>\u00a0<\/p><p><span style=\"font-weight: 400;\">Diese erhobenen Informationen werden nicht personenbezogen verarbeitet oder mit personenbezogenen Daten in Verbindung gebracht.<\/span><\/p><p>\u00a0<\/p><p><span style=\"font-weight: 400;\">Der Webseitenbetreiber beh\u00e4lt es sich vor, im Falle von Bekanntwerden rechtswidriger T\u00e4tigkeiten, diese Daten auszuwerten oder zu \u00fcberpr\u00fcfen.<\/span><\/p><p>\u00a0<\/p><p><b>Newsletter<\/b><\/p><p><span style=\"font-weight: 400;\">Sie haben die M\u00f6glichkeit, \u00fcber unsere Website unseren Newsletter zu abonnieren. Hierf\u00fcr ben\u00f6tigen wir Ihre E-Mail-Adresse und ihre Erkl\u00e4rung, dass Sie mit dem Bezug des Newsletters einverstanden sind.<\/span><\/p><p>\u00a0<\/p><p><span style=\"font-weight: 400;\">Wenn Sie die M\u00f6glichkeit nutzen unseren Newsletter zu abonnieren, wird Ihre Email-Adresse und Ihre Zustimmung\/Einverst\u00e4ndniserkl\u00e4rung \u00fcber den Bezug des Newsletters ben\u00f6tigt. In Folge auf die Anmeldung zu unserem Newsletter, erhalten Sie von uns ein Best\u00e4tigungs-Email mit einem Link zur Anmeldebest\u00e4tigung. Eine Stornierung des Abos ist jederzeit m\u00f6glich. Senden Sie die Stornierung bitte an unsere Email-Adresse: bernhard.hengl@gmail.com.<\/span><\/p><p>\u00a0<\/p><p><span style=\"font-weight: 400;\">Ihre Daten im Zusammenhang mit dem Newsletter-Versand werden im Falle einer Stornierung umgehend von uns gel\u00f6scht. Die Rechtm\u00e4\u00dfigkeit der erfolgten Datenverarbeitung bis zum Widerruf, welche aufgrund der Zustimmung passiert ist, wird nicht ber\u00fchrt.<\/span><\/p><p>\u00a0<\/p><p><b>Ihre Rechte als Betroffener<\/b><\/p><p><span style=\"font-weight: 400;\">Sie als Betroffener haben bez\u00fcglich Ihrer Daten, welche bei uns gespeichert sind grunds\u00e4tzlich ein Recht auf:<\/span><\/p><p>\u00a0<\/p><p><span style=\"font-weight: 400;\">Auskunft<\/span><\/p><p><span style=\"font-weight: 400;\">L\u00f6schung der Daten<\/span><\/p><p><span style=\"font-weight: 400;\">Berichtigung der Daten<\/span><\/p><p><span style=\"font-weight: 400;\">\u00dcbertragbarkeit der Daten<\/span><\/p><p><span style=\"font-weight: 400;\">Wiederruf und Widerspruch zur Datenverarbeitung<\/span><\/p><p><span style=\"font-weight: 400;\">Einschr\u00e4nkung<\/span><\/p><p>\u00a0<\/p><p><span style=\"font-weight: 400;\">Wenn sie vermuten, dass im Zuge der Verarbeitung Ihrer Daten Verst\u00f6\u00dfe gegen das Datenschutzrecht passiert sind, so haben Sie die M\u00f6glichkeit sich bei uns (bernhard.hengl@gmail.com) oder der Datenschutzbeh\u00f6rde zu beschweren.<\/span><\/p><p>\u00a0<\/p><p><b>Kontaktaufnahme<\/b><\/p><p><span style=\"font-weight: 400;\">Sie erreichen uns unter folgenden Kontaktdaten:<\/span><\/p><p><span style=\"font-weight: 400;\">Webseitenbetreiber: Bernhard Hengl<\/span><\/p><p><span style=\"font-weight: 400;\">Telefonnummer: 06507051082<\/span><\/p><p><span style=\"font-weight: 400;\">Email: bernhard.hengl@gmail.com<\/span><\/p>\t\t\t\t\t\t\t\t<\/div>\n\t\t\t\t<\/div>\n\t\t\t\t\t<\/div>\n\t\t\t\t<\/div>\n\t\t\t\t\t<\/div>\n\t\t\t\t<\/div>\n\t\t\t\t<\/div>","protected":false},"excerpt":{"rendered":"<p>Privacy &#038; Cookies Privacy Policy \u00a0 Introduction In this privacy policy, we inform you about the most important aspects of data processing within the framework of our website. We collect and process personal data only based on the legal provisions (General Data Protection Regulation, Telecommunications Act 2003). \u00a0 Data Collection When Visiting the Website As [&hellip;]<\/p>","protected":false},"author":1,"featured_media":0,"parent":0,"menu_order":0,"comment_status":"closed","ping_status":"closed","template":"","meta":{"_acf_changed":false,"footnotes":""},"class_list":["post-18","page","type-page","status-publish","hentry"],"acf":[],"_links":{"self":[{"href":"https:\/\/bernhardhengl.com\/de\/wp-json\/wp\/v2\/pages\/18","targetHints":{"allow":["GET"]}}],"collection":[{"href":"https:\/\/bernhardhengl.com\/de\/wp-json\/wp\/v2\/pages"}],"about":[{"href":"https:\/\/bernhardhengl.com\/de\/wp-json\/wp\/v2\/types\/page"}],"author":[{"embeddable":true,"href":"https:\/\/bernhardhengl.com\/de\/wp-json\/wp\/v2\/users\/1"}],"replies":[{"embeddable":true,"href":"https:\/\/bernhardhengl.com\/de\/wp-json\/wp\/v2\/comments?post=18"}],"version-history":[{"count":0,"href":"https:\/\/bernhardhengl.com\/de\/wp-json\/wp\/v2\/pages\/18\/revisions"}],"wp:attachment":[{"href":"https:\/\/bernhardhengl.com\/de\/wp-json\/wp\/v2\/media?parent=18"}],"curies":[{"name":"wp","href":"https:\/\/api.w.org\/{rel}","templated":true}]}}