{"id":2831,"date":"2024-06-25T03:41:34","date_gmt":"2024-06-25T03:41:34","guid":{"rendered":"https:\/\/bernhardhengl.com\/?page_id=2831"},"modified":"2024-07-01T09:01:48","modified_gmt":"2024-07-01T09:01:48","slug":"legal-notice-impressum","status":"publish","type":"page","link":"https:\/\/bernhardhengl.com\/de\/legal-notice-impressum\/","title":{"rendered":"Impressum"},"content":{"rendered":"<div data-elementor-type=\"wp-page\" data-elementor-id=\"2831\" class=\"elementor elementor-2831\" data-elementor-post-type=\"page\">\n\t\t\t\t<div class=\"elementor-element elementor-element-8ade913 e-flex e-con-boxed e-con e-parent\" data-id=\"8ade913\" data-element_type=\"container\">\n\t\t\t\t\t<div class=\"e-con-inner\">\n\t\t\t\t<div class=\"elementor-element elementor-element-188eb36 elementor-widget elementor-widget-heading\" data-id=\"188eb36\" data-element_type=\"widget\" data-widget_type=\"heading.default\">\n\t\t\t\t<div class=\"elementor-widget-container\">\n\t\t\t\t\t<h2 class=\"elementor-heading-title elementor-size-default\">Legal Notice<\/h2>\t\t\t\t<\/div>\n\t\t\t\t<\/div>\n\t\t<div class=\"elementor-element elementor-element-806f43a e-flex e-con-boxed e-con e-child\" data-id=\"806f43a\" data-element_type=\"container\">\n\t\t\t\t\t<div class=\"e-con-inner\">\n\t\t\t\t<div class=\"elementor-element elementor-element-7c92c26 elementor-widget elementor-widget-text-editor\" data-id=\"7c92c26\" data-element_type=\"widget\" data-widget_type=\"text-editor.default\">\n\t\t\t\t<div class=\"elementor-widget-container\">\n\t\t\t\t\t\t\t\t\t<p><b>Informationspflicht gem\u00e4\u00df \u00a7 5 E-Commerce-Gesetz (ECG)<\/b><\/p><p><b>Anbieterinformationen<\/b><\/p><p><span style=\"font-weight: 400;\">Name des Unternehmens:<\/span><span style=\"font-weight: 400;\"><br \/><\/span><span style=\"font-weight: 400;\">Bernhard Hengl<\/span><\/p><p><span style=\"font-weight: 400;\">Anschrift<\/span><span style=\"font-weight: 400;\"><br \/><\/span><span style=\"font-weight: 400;\">H\u00f6rading\u00a0<\/span><\/p><p><span style=\"font-weight: 400;\">4870 V\u00f6cklamarkt<\/span><\/p><p><span style=\"font-weight: 400;\">Kontaktinformationen:<\/span><span style=\"font-weight: 400;\"><br \/><\/span><span style=\"font-weight: 400;\">Phone: +436507051082<\/span><span style=\"font-weight: 400;\"><br \/><\/span><span style=\"font-weight: 400;\">Email: bernhard.hengl@gmail.com<\/span><\/p><p><b>Gesch\u00e4ftsf\u00fchrer:<\/b><b><br \/><\/b><span style=\"font-weight: 400;\">Bernhard Hengl<\/span><\/p><p><b>Firmenbuchgericht<\/b><b><br \/><\/b><span style=\"font-weight: 400;\">Bezirksgericht V\u00f6cklabruck<\/span><\/p><p><b>Umsatzsteuer-Identifikationsnummer<\/b><b><br \/><\/b>53 201\/4305<\/p><p><b>Berufsbezeichnung:<\/b><b><br \/><\/b><span style=\"font-weight: 400;\">Lebens- und Sozialberater<\/span><\/p><p><b>Gewerbebeh\u00f6rde<\/b><b><br \/><\/b><span style=\"font-weight: 400;\">BH V\u00f6cklabruck<\/span><\/p><p><b>Angaben zur Online-Streitbeilegung:<\/b><b><br \/><\/b><span style=\"font-weight: 400;\">Plattform der EU-Kommission zur Online-Streitbeilegung: https:\/\/ec.europa.eu\/consumers\/odr<\/span><a href=\"https:\/\/ec.europa.eu\/consumers\/odr\" target=\"_blank\" rel=\"noopener\"> <span style=\"font-weight: 400;\">https:\/\/ec.europa.eu\/consumers\/odr<\/span><\/a><\/p><p><b>Haftungsausschluss:<\/b><b><br \/><\/b><span style=\"font-weight: 400;\">Alle Inhalte auf dieser Website wurden mit gr\u00f6\u00dfter Sorgfalt erstellt. F\u00fcr die Richtigkeit, Vollst\u00e4ndigkeit und Aktualit\u00e4t der Inhalte kann jedoch keine Gew\u00e4hr \u00fcbernommen werden.<\/span><\/p>\t\t\t\t\t\t\t\t<\/div>\n\t\t\t\t<\/div>\n\t\t\t\t\t<\/div>\n\t\t\t\t<\/div>\n\t\t\t\t\t<\/div>\n\t\t\t\t<\/div>\n\t\t\t\t<\/div>","protected":false},"excerpt":{"rendered":"<p>Legal Notice Information Obligation According to \u00a7 5 E-Commerce Act (ECG) Provider Information Company Name:Bernhard Hengl Address:H\u00f6rading\u00a0 4870 V\u00f6cklamarkt Contact Information:Phone: +436507051082Email: bernhard.hengl@gmail.com Managing Director:Bernhard Hengl Company Register Court:Bezirksgericht V\u00f6cklabruck VAT Identification Number (VAT ID):53 201\/4305 Professional Title:Certified life and social advisor Trade Authority:BH V\u00f6cklabruck Information on Online Dispute Resolution:Platform of the EU Commission for [&hellip;]<\/p>\n","protected":false},"author":1,"featured_media":0,"parent":0,"menu_order":0,"comment_status":"closed","ping_status":"closed","template":"","meta":{"_acf_changed":false,"give_campaign_id":0,"footnotes":""},"class_list":["post-2831","page","type-page","status-publish","hentry"],"acf":[],"campaignId":"","_links":{"self":[{"href":"https:\/\/bernhardhengl.com\/de\/wp-json\/wp\/v2\/pages\/2831","targetHints":{"allow":["GET"]}}],"collection":[{"href":"https:\/\/bernhardhengl.com\/de\/wp-json\/wp\/v2\/pages"}],"about":[{"href":"https:\/\/bernhardhengl.com\/de\/wp-json\/wp\/v2\/types\/page"}],"author":[{"embeddable":true,"href":"https:\/\/bernhardhengl.com\/de\/wp-json\/wp\/v2\/users\/1"}],"replies":[{"embeddable":true,"href":"https:\/\/bernhardhengl.com\/de\/wp-json\/wp\/v2\/comments?post=2831"}],"version-history":[{"count":0,"href":"https:\/\/bernhardhengl.com\/de\/wp-json\/wp\/v2\/pages\/2831\/revisions"}],"wp:attachment":[{"href":"https:\/\/bernhardhengl.com\/de\/wp-json\/wp\/v2\/media?parent=2831"}],"curies":[{"name":"wp","href":"https:\/\/api.w.org\/{rel}","templated":true}]}}